{"id":229,"date":"2011-06-10T14:16:46","date_gmt":"2011-06-10T13:16:46","guid":{"rendered":"http:\/\/matmedia.org\/wordpress\/?page_id=229"},"modified":"2012-07-31T13:08:24","modified_gmt":"2012-07-31T12:08:24","slug":"genius-of-baghdad","status":"publish","type":"page","link":"https:\/\/www.matmedia.org\/?page_id=229","title":{"rendered":"Genius of Baghdad"},"content":{"rendered":"<p><a href=\"https:\/\/www.matmedia.org\/?attachment_id=635\" rel=\"attachment wp-att-635\"><img loading=\"lazy\" class=\"alignnone size-full wp-image-635\" title=\"GOB\" src=\"https:\/\/www.matmedia.org\/wp-content\/uploads\/GOB2.jpeg\" alt=\"\" width=\"275\" height=\"388\" srcset=\"https:\/\/www.matmedia.org\/wp-content\/uploads\/GOB2.jpeg 275w, https:\/\/www.matmedia.org\/wp-content\/uploads\/GOB2-212x300.jpg 212w\" sizes=\"(max-width: 275px) 100vw, 275px\" \/><\/a><\/p>\n<p>&nbsp;<\/p>\n<p><span style=\"text-align: justify;\">The Genius of Baghdad tells the story of perhaps the most influential city of the Islamic Golden Age. Set during the era of the Abbasid Caliphate, the film centres around the great &#8216;House of Wisdom&#8217;, a corner stone of one of the most influential periods of scientific discovery known to man.<\/span><\/p>\n<p style=\"text-align: justify;\">Though initially conceived as a great library by Caliph al-Mansur, &#8216;The House&#8217;, under the watchful eye of Caliph al Ma&#8217;mun grew into an unparalleled centre of scholarly excellence, and became a beacon for intellectuals of all faiths and nationalities to study, discuss and learn from each other.<\/p>\n<p style=\"text-align: justify;\">While the west languished in the dark ages, prominent scholars and scientists such as <span class=\"mw-redirect\">Muhammad ibn M\u016bs\u0101 al-Khw\u0101rizm\u012b<\/span><span class=\"new\">, Sahl ibn Haroun<\/span> and Yaqub ibn Ishaq al-Kindi were reimagining the world and building the foundations of modern day science and technology. Drawing on the work of the Greeks, Romans, Indians and Chinese, which had recently been translated for the first time into Arabic, their discoveries have proved fundamental in the disciplines of amongst others, maths, medicine and astrology.<\/p>\n<p style=\"text-align: justify;\">Follow the journey from the building of Baghdad and the great &#8216;House of Wisdom&#8217;; to the construction of the first paper mills; to the nomination of al-Khwarizmi to the post of \u2018royal astronomer\u2019 by the Caliph al-Mamun; to the construction of the first hospital in Baghdad, and finally to the eventual fall and destruction of the city at the hands of the Mongols.<\/p>\n<p style=\"text-align: justify;\">A co-production with Paris based Mosaique Films and commissioned by ARTE the Franco-German Broadcaster, this film is due to be completed in 2011.<\/p>\n<p><object width=\"480\" height=\"271\" classid=\"clsid:d27cdb6e-ae6d-11cf-96b8-444553540000\" codebase=\"http:\/\/download.macromedia.com\/pub\/shockwave\/cabs\/flash\/swflash.cab#version=6,0,40,0\"><param name=\"allowFullScreen\" value=\"true\" \/><param name=\"allowScriptAccess\" value=\"always\" \/><param name=\"src\" value=\"http:\/\/www.dailymotion.com\/swf\/video\/xgmgd1_the-genius-of-baghdad-trailer_shortfilms?additionalInfos=0\" \/><param name=\"allowfullscreen\" value=\"true\" \/><param name=\"allowscriptaccess\" value=\"always\" \/><embed width=\"480\" height=\"271\" type=\"application\/x-shockwave-flash\" src=\"http:\/\/www.dailymotion.com\/swf\/video\/xgmgd1_the-genius-of-baghdad-trailer_shortfilms?additionalInfos=0\" allowFullScreen=\"true\" allowScriptAccess=\"always\" allowfullscreen=\"true\" allowscriptaccess=\"always\" \/><\/object><br \/>\n<strong><a href=\"http:\/\/www.dailymotion.com\/video\/xgmgd1_the-genius-of-baghdad-trailer_shortfilms\">The Genius of Baghdad &#8211; Trailer<\/a><\/strong><br \/>\n<em><br \/>\n<\/em><\/p>\n<p><em><a href=\"http:\/\/www.dailymotion.com\/gb\/channel\/shortfilms\" target=\"_self\"><em><br \/>\n<\/em><\/a><\/em><\/p>\n<div id=\"_mcePaste\" class=\"mcePaste\" style=\"position: absolute; left: -10000px; top: 122px; width: 1px; height: 1px; overflow: hidden;\">\n<p>&nbsp;<\/p>\n<p class=\"MsoNormal\" style=\"text-align: left;\"><span style=\"font-family: 'Garamond','serif';\">Synopsis<\/span><\/p>\n<p class=\"MsoNormal\" style=\"text-align: left;\"><span style=\"font-size: 13pt; font-family: 'Garamond','serif'; color: black; font-weight: normal;\">In 988, Ibn Al-Nadim from Baghdad wrote a major work entitled \u2018The Fihrist\u2019 that tells of the beginning history of the Abbasid Caliphate (since 758) and of the \u2018House of Wisdom\u2019. He records all of the books and the body of learning produced there at the time as well as the other great texts that inspired them, notably those of the Greeks and the Indians. <\/span><\/p>\n<p class=\"MsoNormal\"><span style=\"font-size: 13pt; font-family: 'Garamond','serif'; color: black; font-weight: normal;\">The film begins with this manuscript. Turning the pages of a 3-D \u201cgraphic version\u201d of this manuscript, we reveal the scientific discoveries and principal events of this golden age of Arab science. From the pages of this \u201cgreat book\u201d the beginning of our 2-D graphic sequences (maps and Persian illuminations) and 3-D (drawings and sketches pf Baghdad) will unfold.<\/span><\/p>\n<p class=\"MsoNormal\"><span style=\"font-size: 13pt; font-family: 'Garamond','serif'; font-weight: normal;\">The use of a manuscript as a narrative thread expresses the major importance that books have had in the development of scientific knowledge in the Arab world since the 8<sup>th<\/sup> century.<\/span><\/p>\n<p class=\"MsoNormal\" style=\"margin-bottom: 12pt; line-height: 16pt;\"><span style=\"font-size: 13pt; font-family: 'Garamond','serif'; font-weight: normal;\">Along with the dramatic reconstructions we will see the scientists not only engaged in their discoveries but also in their discussions amongst themselves or with the political leaders of the time. Their conversations whether in Persian or in Arabic will serve to give us a flavour or atmosphere of the times but will not be directly translated. <\/span><\/p>\n<p class=\"MsoNormal\" style=\"margin-bottom: 12pt; line-height: 16pt;\"><span style=\"font-size: 13pt; font-family: 'Garamond','serif'; font-weight: normal;\">Historians will provide commentary on the major events that we will stage including: the building of Baghdad; the construction of the first paper mills; the nomination of al-Khwarizmi to the post of \u2018royal astronomer\u2019 by the Caliph al-Mamun; the construction of the first hospital in Baghdad; or the making of an astrolabe. <\/span><\/p>\n<p class=\"MsoNormal\" style=\"margin-bottom: 12pt; line-height: 16pt;\"><span style=\"font-size: 13pt; font-family: 'Garamond','serif'; font-weight: normal;\">These vivid visually dramatic sequences will also give us a sense of the atmosphere of the social and scientific life of the time, notably at the core of the workshops of the copyists, at the Royal court, the libraries and of course, the House of Wisdom.<\/span><\/p>\n<\/div>\n","protected":false},"excerpt":{"rendered":"<p>&nbsp; The Genius of Baghdad tells the story of perhaps the most influential city of the Islamic Golden Age. Set during the era of the Abbasid Caliphate, the film centres around the great &#8216;House of Wisdom&#8217;, a corner stone of one of the most influential periods of scientific discovery known to man. Though initially conceived [&hellip;]<\/p>\n","protected":false},"author":2,"featured_media":0,"parent":235,"menu_order":0,"comment_status":"closed","ping_status":"closed","template":"","meta":[],"_links":{"self":[{"href":"https:\/\/www.matmedia.org\/index.php?rest_route=\/wp\/v2\/pages\/229"}],"collection":[{"href":"https:\/\/www.matmedia.org\/index.php?rest_route=\/wp\/v2\/pages"}],"about":[{"href":"https:\/\/www.matmedia.org\/index.php?rest_route=\/wp\/v2\/types\/page"}],"author":[{"embeddable":true,"href":"https:\/\/www.matmedia.org\/index.php?rest_route=\/wp\/v2\/users\/2"}],"replies":[{"embeddable":true,"href":"https:\/\/www.matmedia.org\/index.php?rest_route=%2Fwp%2Fv2%2Fcomments&post=229"}],"version-history":[{"count":30,"href":"https:\/\/www.matmedia.org\/index.php?rest_route=\/wp\/v2\/pages\/229\/revisions"}],"predecessor-version":[{"id":232,"href":"https:\/\/www.matmedia.org\/index.php?rest_route=\/wp\/v2\/pages\/229\/revisions\/232"}],"up":[{"embeddable":true,"href":"https:\/\/www.matmedia.org\/index.php?rest_route=\/wp\/v2\/pages\/235"}],"wp:attachment":[{"href":"https:\/\/www.matmedia.org\/index.php?rest_route=%2Fwp%2Fv2%2Fmedia&parent=229"}],"curies":[{"name":"wp","href":"https:\/\/api.w.org\/{rel}","templated":true}]}}